{"id":8184,"date":"2024-04-06T15:21:46","date_gmt":"2024-04-06T13:21:46","guid":{"rendered":"https:\/\/krokkyjov.cz\/?page_id=8184"},"modified":"2024-04-24T14:04:51","modified_gmt":"2024-04-24T12:04:51","slug":"medailonek-mgr-nikol-pavkova","status":"publish","type":"page","link":"https:\/\/krokkyjov.cz\/index.php\/medailonek-mgr-nikol-pavkova\/","title":{"rendered":"Medailonek &#8211; Mgr. Nikol Pavkov\u00e1"},"content":{"rendered":"\t\t<div data-elementor-type=\"wp-page\" data-elementor-id=\"8184\" class=\"elementor elementor-8184\">\n\t\t\t\t<div class=\"elementor-element elementor-element-89cfaf4 e-flex e-con-boxed wpr-particle-no wpr-jarallax-no wpr-parallax-no wpr-sticky-section-no wpr-equal-height-no e-con e-parent\" data-id=\"89cfaf4\" data-element_type=\"container\" data-e-type=\"container\">\n\t\t\t\t\t<div class=\"e-con-inner\">\n\t\t<div class=\"elementor-element elementor-element-3581640 e-con-full e-flex wpr-particle-no wpr-jarallax-no wpr-parallax-no wpr-sticky-section-no wpr-equal-height-no e-con e-child\" data-id=\"3581640\" data-element_type=\"container\" data-e-type=\"container\">\n\t\t\t\t<div class=\"elementor-element elementor-element-2bdfa60 elementor-widget elementor-widget-heading\" data-id=\"2bdfa60\" data-element_type=\"widget\" data-e-type=\"widget\" data-widget_type=\"heading.default\">\n\t\t\t\t<div class=\"elementor-widget-container\">\n\t\t\t\t\t<h3 class=\"elementor-heading-title elementor-size-default\">Mgr. Nikol Pavkov\u00e1<\/h3>\t\t\t\t<\/div>\n\t\t\t\t<\/div>\n\t\t\t\t<div class=\"elementor-element elementor-element-04cd168 elementor-widget-divider--view-line elementor-widget elementor-widget-divider\" data-id=\"04cd168\" data-element_type=\"widget\" data-e-type=\"widget\" data-widget_type=\"divider.default\">\n\t\t\t\t<div class=\"elementor-widget-container\">\n\t\t\t\t\t\t\t<div class=\"elementor-divider\">\n\t\t\t<span class=\"elementor-divider-separator\">\n\t\t\t\t\t\t<\/span>\n\t\t<\/div>\n\t\t\t\t\t\t<\/div>\n\t\t\t\t<\/div>\n\t\t\t\t<\/div>\n\t\t<div class=\"elementor-element elementor-element-b5ca52a e-con-full e-flex wpr-particle-no wpr-jarallax-no wpr-parallax-no wpr-sticky-section-no wpr-equal-height-no e-con e-child\" data-id=\"b5ca52a\" data-element_type=\"container\" data-e-type=\"container\">\n\t\t\t\t<\/div>\n\t\t\t\t\t<\/div>\n\t\t\t\t<\/div>\n\t\t<div class=\"elementor-element elementor-element-39f0009 e-flex e-con-boxed wpr-particle-no wpr-jarallax-no wpr-parallax-no wpr-sticky-section-no wpr-equal-height-no e-con e-parent\" data-id=\"39f0009\" data-element_type=\"container\" data-e-type=\"container\">\n\t\t\t\t\t<div class=\"e-con-inner\">\n\t\t<div class=\"elementor-element elementor-element-7e4f080 e-con-full e-flex wpr-particle-no wpr-jarallax-no wpr-parallax-no wpr-sticky-section-no wpr-equal-height-no e-con e-child\" data-id=\"7e4f080\" data-element_type=\"container\" data-e-type=\"container\">\n\t\t\t\t<div class=\"elementor-element elementor-element-4e11ea8 elementor-widget elementor-widget-image\" data-id=\"4e11ea8\" data-element_type=\"widget\" data-e-type=\"widget\" data-widget_type=\"image.default\">\n\t\t\t\t<div class=\"elementor-widget-container\">\n\t\t\t\t\t\t\t\t\t\t\t\t\t\t\t<img fetchpriority=\"high\" decoding=\"async\" width=\"1024\" height=\"683\" src=\"https:\/\/krokkyjov.cz\/wp-content\/uploads\/2024\/04\/RM_Krok_434A2114-scaled-1024x683.jpg\" class=\"attachment-large size-large wp-image-8575\" alt=\"\" srcset=\"https:\/\/krokkyjov.cz\/wp-content\/uploads\/2024\/04\/RM_Krok_434A2114-scaled-1024x683.jpg 1024w, https:\/\/krokkyjov.cz\/wp-content\/uploads\/2024\/04\/RM_Krok_434A2114-scaled-300x200.jpg 300w, https:\/\/krokkyjov.cz\/wp-content\/uploads\/2024\/04\/RM_Krok_434A2114-scaled-768x512.jpg 768w, https:\/\/krokkyjov.cz\/wp-content\/uploads\/2024\/04\/RM_Krok_434A2114-scaled-391x260.jpg 391w, https:\/\/krokkyjov.cz\/wp-content\/uploads\/2024\/04\/RM_Krok_434A2114-scaled-1536x1024.jpg 1536w, https:\/\/krokkyjov.cz\/wp-content\/uploads\/2024\/04\/RM_Krok_434A2114-scaled-2048x1366.jpg 2048w\" sizes=\"(max-width: 1024px) 100vw, 1024px\" \/>\t\t\t\t\t\t\t\t\t\t\t\t\t\t\t<\/div>\n\t\t\t\t<\/div>\n\t\t\t\t<\/div>\n\t\t<div class=\"elementor-element elementor-element-369106c e-con-full e-flex wpr-particle-no wpr-jarallax-no wpr-parallax-no wpr-sticky-section-no wpr-equal-height-no e-con e-child\" data-id=\"369106c\" data-element_type=\"container\" data-e-type=\"container\">\n\t\t\t\t<div class=\"elementor-element elementor-element-797eafe elementor-widget elementor-widget-heading\" data-id=\"797eafe\" data-element_type=\"widget\" data-e-type=\"widget\" data-widget_type=\"heading.default\">\n\t\t\t\t<div class=\"elementor-widget-container\">\n\t\t\t\t\t<h3 class=\"elementor-heading-title elementor-size-default\">Pracovn\u011b<\/h3>\t\t\t\t<\/div>\n\t\t\t\t<\/div>\n\t\t\t\t<div class=\"elementor-element elementor-element-9ffbc1e elementor-widget elementor-widget-text-editor\" data-id=\"9ffbc1e\" data-element_type=\"widget\" data-e-type=\"widget\" data-widget_type=\"text-editor.default\">\n\t\t\t\t<div class=\"elementor-widget-container\">\n\t\t\t\t\t\t\t\t\tS klienty \u0159e\u0161\u00edm jejich ka\u017edodenn\u00ed starosti. Ke ka\u017ed\u00e9mu p\u0159istupuji s pokorou a pochopen\u00edm. Pracuji s rodinami a hlavn\u011b d\u011btmi, hled\u00e1m zp\u016fsoby, jak jim co nej\u00fa\u010dinn\u011bji pomoct. Sna\u017e\u00edm se, aby pochopili, \u017ee sv\u016fj \u017eivot maj\u00ed pln\u011b ve sv\u00fdch rukou.\t\t\t\t\t\t\t\t<\/div>\n\t\t\t\t<\/div>\n\t\t\t\t<div class=\"elementor-element elementor-element-af9bba3 elementor-widget elementor-widget-heading\" data-id=\"af9bba3\" data-element_type=\"widget\" data-e-type=\"widget\" data-widget_type=\"heading.default\">\n\t\t\t\t<div class=\"elementor-widget-container\">\n\t\t\t\t\t<h3 class=\"elementor-heading-title elementor-size-default\">Osobn\u011b<\/h3>\t\t\t\t<\/div>\n\t\t\t\t<\/div>\n\t\t\t\t<div class=\"elementor-element elementor-element-c760f27 elementor-widget elementor-widget-text-editor\" data-id=\"c760f27\" data-element_type=\"widget\" data-e-type=\"widget\" data-widget_type=\"text-editor.default\">\n\t\t\t\t<div class=\"elementor-widget-container\">\n\t\t\t\t\t\t\t\t\t<p>Nem\u00e1m r\u00e1da nudu, s\u00a0humorem jde v\u0161echno l\u00edp. Nebav\u00ed m\u011b pr\u00e1ce v\u00a0kuchyni. Nejl\u00e9pe se odreaguji v\u00a0p\u0159\u00edrod\u011b, nejv\u00edce na kole nebo p\u011b\u0161\u00ed t\u00fa\u0159e. Miluju cestov\u00e1n\u00ed a pozn\u00e1v\u00e1n\u00ed nov\u00fdch m\u00edst. Energii mn\u011b dod\u00e1vaj\u00ed m\u00ed p\u0159\u00e1tel\u00e9, kte\u0159\u00ed m\u011b podporuj\u00ed a z\u00e1rove\u0148 i motivuj\u00ed.\u00a0<\/p>\t\t\t\t\t\t\t\t<\/div>\n\t\t\t\t<\/div>\n\t\t\t\t<\/div>\n\t\t\t\t\t<\/div>\n\t\t\t\t<\/div>\n\t\t<div class=\"elementor-element elementor-element-5061fb9 e-flex e-con-boxed wpr-particle-no wpr-jarallax-no wpr-parallax-no wpr-sticky-section-no wpr-equal-height-no e-con e-parent\" data-id=\"5061fb9\" data-element_type=\"container\" data-e-type=\"container\">\n\t\t\t\t\t<div class=\"e-con-inner\">\n\t\t\t\t<div class=\"elementor-element elementor-element-a6c5463 elementor-widget elementor-widget-text-editor\" data-id=\"a6c5463\" data-element_type=\"widget\" data-e-type=\"widget\" data-widget_type=\"text-editor.default\">\n\t\t\t\t<div class=\"elementor-widget-container\">\n\t\t\t\t\t\t\t\t\t<p style=\"text-align: center;\"><a href=\"mailto:pavkova@krokkyjov.cz\">pavkova@krokkyjov.cz<\/a><\/p>\t\t\t\t\t\t\t\t<\/div>\n\t\t\t\t<\/div>\n\t\t\t\t<div class=\"elementor-element elementor-element-f9bb725 elementor-align-center elementor-widget elementor-widget-button\" data-id=\"f9bb725\" data-element_type=\"widget\" data-e-type=\"widget\" data-widget_type=\"button.default\">\n\t\t\t\t<div class=\"elementor-widget-container\">\n\t\t\t\t\t\t\t\t\t<div class=\"elementor-button-wrapper\">\n\t\t\t\t\t<a class=\"elementor-button elementor-button-link elementor-size-sm\" href=\"https:\/\/krokkyjov.cz\/index.php\/kdo-jsme\/\">\n\t\t\t\t\t\t<span class=\"elementor-button-content-wrapper\">\n\t\t\t\t\t\t\t\t\t<span class=\"elementor-button-text\">N\u00e1\u0161 t\u00fdm<\/span>\n\t\t\t\t\t<\/span>\n\t\t\t\t\t<\/a>\n\t\t\t\t<\/div>\n\t\t\t\t\t\t\t\t<\/div>\n\t\t\t\t<\/div>\n\t\t\t\t<div class=\"elementor-element elementor-element-7771958 elementor-widget elementor-widget-spacer\" data-id=\"7771958\" data-element_type=\"widget\" data-e-type=\"widget\" data-widget_type=\"spacer.default\">\n\t\t\t\t<div class=\"elementor-widget-container\">\n\t\t\t\t\t\t\t<div class=\"elementor-spacer\">\n\t\t\t<div class=\"elementor-spacer-inner\"><\/div>\n\t\t<\/div>\n\t\t\t\t\t\t<\/div>\n\t\t\t\t<\/div>\n\t\t\t\t\t<\/div>\n\t\t\t\t<\/div>\n\t\t\t\t<\/div>\n\t\t","protected":false},"excerpt":{"rendered":"<p>Mgr. Nikol Pavkov\u00e1 Pracovn\u011b S klienty \u0159e\u0161\u00edm jejich ka\u017edodenn\u00ed starosti. Ke ka\u017ed\u00e9mu p\u0159istupuji s pokorou a pochopen\u00edm. Pracuji s rodinami a hlavn\u011b d\u011btmi, hled\u00e1m zp\u016fsoby, jak jim co nej\u00fa\u010dinn\u011bji pomoct. Sna\u017e\u00edm se, aby pochopili, \u017ee sv\u016fj \u017eivot maj\u00ed pln\u011b ve sv\u00fdch rukou. Osobn\u011b Nem\u00e1m r\u00e1da nudu, s\u00a0humorem jde v\u0161echno l\u00edp. Nebav\u00ed m\u011b pr\u00e1ce v\u00a0kuchyni. Nejl\u00e9pe se odreaguji v\u00a0p\u0159\u00edrod\u011b, nejv\u00edce na kole nebo p\u011b\u0161\u00ed t\u00fa\u0159e. Miluju cestov\u00e1n\u00ed a pozn\u00e1v\u00e1n\u00ed nov\u00fdch m\u00edst. Energii mn\u011b dod\u00e1vaj\u00ed m\u00ed p\u0159\u00e1tel\u00e9, kte\u0159\u00ed m\u011b podporuj\u00ed a z\u00e1rove\u0148 i motivuj\u00ed.\u00a0 pavkova@krokkyjov.cz N\u00e1\u0161 t\u00fdm<\/p>\n","protected":false},"author":1,"featured_media":0,"parent":0,"menu_order":0,"comment_status":"closed","ping_status":"closed","template":"","meta":{"site-sidebar-layout":"no-sidebar","site-content-layout":"page-builder","ast-site-content-layout":"full-width-container","site-content-style":"default","site-sidebar-style":"default","ast-global-header-display":"","ast-banner-title-visibility":"","ast-main-header-display":"","ast-hfb-above-header-display":"","ast-hfb-below-header-display":"","ast-hfb-mobile-header-display":"","site-post-title":"disabled","ast-breadcrumbs-content":"","ast-featured-img":"disabled","footer-sml-layout":"","ast-disable-related-posts":"","theme-transparent-header-meta":"","adv-header-id-meta":"","stick-header-meta":"","header-above-stick-meta":"","header-main-stick-meta":"","header-below-stick-meta":"","astra-migrate-meta-layouts":"set","ast-page-background-enabled":"default","ast-page-background-meta":{"desktop":{"background-color":"var(--ast-global-color-4)","background-image":"","background-repeat":"repeat","background-position":"center center","background-size":"auto","background-attachment":"scroll","background-type":"","background-media":"","overlay-type":"","overlay-color":"","overlay-opacity":"","overlay-gradient":""},"tablet":{"background-color":"","background-image":"","background-repeat":"repeat","background-position":"center center","background-size":"auto","background-attachment":"scroll","background-type":"","background-media":"","overlay-type":"","overlay-color":"","overlay-opacity":"","overlay-gradient":""},"mobile":{"background-color":"","background-image":"","background-repeat":"repeat","background-position":"center center","background-size":"auto","background-attachment":"scroll","background-type":"","background-media":"","overlay-type":"","overlay-color":"","overlay-opacity":"","overlay-gradient":""}},"ast-content-background-meta":{"desktop":{"background-color":"var(--ast-global-color-5)","background-image":"","background-repeat":"repeat","background-position":"center center","background-size":"auto","background-attachment":"scroll","background-type":"","background-media":"","overlay-type":"","overlay-color":"","overlay-opacity":"","overlay-gradient":""},"tablet":{"background-color":"var(--ast-global-color-5)","background-image":"","background-repeat":"repeat","background-position":"center center","background-size":"auto","background-attachment":"scroll","background-type":"","background-media":"","overlay-type":"","overlay-color":"","overlay-opacity":"","overlay-gradient":""},"mobile":{"background-color":"var(--ast-global-color-5)","background-image":"","background-repeat":"repeat","background-position":"center center","background-size":"auto","background-attachment":"scroll","background-type":"","background-media":"","overlay-type":"","overlay-color":"","overlay-opacity":"","overlay-gradient":""}},"footnotes":""},"class_list":["post-8184","page","type-page","status-publish","hentry"],"_links":{"self":[{"href":"https:\/\/krokkyjov.cz\/index.php\/wp-json\/wp\/v2\/pages\/8184","targetHints":{"allow":["GET"]}}],"collection":[{"href":"https:\/\/krokkyjov.cz\/index.php\/wp-json\/wp\/v2\/pages"}],"about":[{"href":"https:\/\/krokkyjov.cz\/index.php\/wp-json\/wp\/v2\/types\/page"}],"author":[{"embeddable":true,"href":"https:\/\/krokkyjov.cz\/index.php\/wp-json\/wp\/v2\/users\/1"}],"replies":[{"embeddable":true,"href":"https:\/\/krokkyjov.cz\/index.php\/wp-json\/wp\/v2\/comments?post=8184"}],"version-history":[{"count":13,"href":"https:\/\/krokkyjov.cz\/index.php\/wp-json\/wp\/v2\/pages\/8184\/revisions"}],"predecessor-version":[{"id":9065,"href":"https:\/\/krokkyjov.cz\/index.php\/wp-json\/wp\/v2\/pages\/8184\/revisions\/9065"}],"wp:attachment":[{"href":"https:\/\/krokkyjov.cz\/index.php\/wp-json\/wp\/v2\/media?parent=8184"}],"curies":[{"name":"wp","href":"https:\/\/api.w.org\/{rel}","templated":true}]}}