{"id":8182,"date":"2024-04-06T15:14:27","date_gmt":"2024-04-06T13:14:27","guid":{"rendered":"https:\/\/krokkyjov.cz\/?page_id=8182"},"modified":"2024-04-24T14:06:17","modified_gmt":"2024-04-24T12:06:17","slug":"medailonek-gabriela-chaloupkova-dis","status":"publish","type":"page","link":"https:\/\/krokkyjov.cz\/index.php\/medailonek-gabriela-chaloupkova-dis\/","title":{"rendered":"Medailonek &#8211; Gabriela Chaloupkov\u00e1, DiS."},"content":{"rendered":"\t\t<div data-elementor-type=\"wp-page\" data-elementor-id=\"8182\" class=\"elementor elementor-8182\">\n\t\t\t\t<div class=\"elementor-element elementor-element-44429f9 e-flex e-con-boxed wpr-particle-no wpr-jarallax-no wpr-parallax-no wpr-sticky-section-no wpr-equal-height-no e-con e-parent\" data-id=\"44429f9\" data-element_type=\"container\" data-e-type=\"container\">\n\t\t\t\t\t<div class=\"e-con-inner\">\n\t\t<div class=\"elementor-element elementor-element-4989fab e-con-full e-flex wpr-particle-no wpr-jarallax-no wpr-parallax-no wpr-sticky-section-no wpr-equal-height-no e-con e-child\" data-id=\"4989fab\" data-element_type=\"container\" data-e-type=\"container\">\n\t\t\t\t<div class=\"elementor-element elementor-element-2bdfa60 elementor-widget elementor-widget-heading\" data-id=\"2bdfa60\" data-element_type=\"widget\" data-e-type=\"widget\" data-widget_type=\"heading.default\">\n\t\t\t\t<div class=\"elementor-widget-container\">\n\t\t\t\t\t<h3 class=\"elementor-heading-title elementor-size-default\">Gabriela Chaloupkov\u00e1, DiS.<\/h3>\t\t\t\t<\/div>\n\t\t\t\t<\/div>\n\t\t\t\t<div class=\"elementor-element elementor-element-04cd168 elementor-widget-divider--view-line elementor-widget elementor-widget-divider\" data-id=\"04cd168\" data-element_type=\"widget\" data-e-type=\"widget\" data-widget_type=\"divider.default\">\n\t\t\t\t<div class=\"elementor-widget-container\">\n\t\t\t\t\t\t\t<div class=\"elementor-divider\">\n\t\t\t<span class=\"elementor-divider-separator\">\n\t\t\t\t\t\t<\/span>\n\t\t<\/div>\n\t\t\t\t\t\t<\/div>\n\t\t\t\t<\/div>\n\t\t\t\t<\/div>\n\t\t<div class=\"elementor-element elementor-element-951e6ff e-con-full e-flex wpr-particle-no wpr-jarallax-no wpr-parallax-no wpr-sticky-section-no wpr-equal-height-no e-con e-child\" data-id=\"951e6ff\" data-element_type=\"container\" data-e-type=\"container\">\n\t\t\t\t<\/div>\n\t\t\t\t\t<\/div>\n\t\t\t\t<\/div>\n\t\t<div class=\"elementor-element elementor-element-39f0009 e-flex e-con-boxed wpr-particle-no wpr-jarallax-no wpr-parallax-no wpr-sticky-section-no wpr-equal-height-no e-con e-parent\" data-id=\"39f0009\" data-element_type=\"container\" data-e-type=\"container\">\n\t\t\t\t\t<div class=\"e-con-inner\">\n\t\t<div class=\"elementor-element elementor-element-7e4f080 e-con-full e-flex wpr-particle-no wpr-jarallax-no wpr-parallax-no wpr-sticky-section-no wpr-equal-height-no e-con e-child\" data-id=\"7e4f080\" data-element_type=\"container\" data-e-type=\"container\">\n\t\t\t\t<div class=\"elementor-element elementor-element-4e11ea8 elementor-widget elementor-widget-image\" data-id=\"4e11ea8\" data-element_type=\"widget\" data-e-type=\"widget\" data-widget_type=\"image.default\">\n\t\t\t\t<div class=\"elementor-widget-container\">\n\t\t\t\t\t\t\t\t\t\t\t\t\t\t\t<img fetchpriority=\"high\" decoding=\"async\" width=\"1024\" height=\"683\" src=\"https:\/\/krokkyjov.cz\/wp-content\/uploads\/2024\/04\/Gabriela-Chaloupkova-scaled-1024x683.jpg\" class=\"attachment-large size-large wp-image-8543\" alt=\"\" srcset=\"https:\/\/krokkyjov.cz\/wp-content\/uploads\/2024\/04\/Gabriela-Chaloupkova-scaled-1024x683.jpg 1024w, https:\/\/krokkyjov.cz\/wp-content\/uploads\/2024\/04\/Gabriela-Chaloupkova-scaled-300x200.jpg 300w, https:\/\/krokkyjov.cz\/wp-content\/uploads\/2024\/04\/Gabriela-Chaloupkova-scaled-768x512.jpg 768w, https:\/\/krokkyjov.cz\/wp-content\/uploads\/2024\/04\/Gabriela-Chaloupkova-scaled-391x260.jpg 391w, https:\/\/krokkyjov.cz\/wp-content\/uploads\/2024\/04\/Gabriela-Chaloupkova-scaled-1536x1024.jpg 1536w, https:\/\/krokkyjov.cz\/wp-content\/uploads\/2024\/04\/Gabriela-Chaloupkova-scaled-2048x1366.jpg 2048w\" sizes=\"(max-width: 1024px) 100vw, 1024px\" \/>\t\t\t\t\t\t\t\t\t\t\t\t\t\t\t<\/div>\n\t\t\t\t<\/div>\n\t\t\t\t<\/div>\n\t\t<div class=\"elementor-element elementor-element-369106c e-con-full e-flex wpr-particle-no wpr-jarallax-no wpr-parallax-no wpr-sticky-section-no wpr-equal-height-no e-con e-child\" data-id=\"369106c\" data-element_type=\"container\" data-e-type=\"container\">\n\t\t\t\t<div class=\"elementor-element elementor-element-797eafe elementor-widget elementor-widget-heading\" data-id=\"797eafe\" data-element_type=\"widget\" data-e-type=\"widget\" data-widget_type=\"heading.default\">\n\t\t\t\t<div class=\"elementor-widget-container\">\n\t\t\t\t\t<h3 class=\"elementor-heading-title elementor-size-default\">Pracovn\u011b<\/h3>\t\t\t\t<\/div>\n\t\t\t\t<\/div>\n\t\t\t\t<div class=\"elementor-element elementor-element-9ffbc1e elementor-widget elementor-widget-text-editor\" data-id=\"9ffbc1e\" data-element_type=\"widget\" data-e-type=\"widget\" data-widget_type=\"text-editor.default\">\n\t\t\t\t<div class=\"elementor-widget-container\">\n\t\t\t\t\t\t\t\t\tN\u011bkolikr\u00e1t t\u00fddn\u011b sed\u00e1m do auta a jedu k rodin\u00e1m, kter\u00e9 pot\u0159ebuj\u00ed na\u0161i pomoc.  Spole\u010dn\u011b tr\u00e9nujeme, jak l\u00e9pe zvl\u00e1dnout p\u00e9\u010di o dom\u00e1cnost (zam\u00e9st, vyt\u0159\u00edt, um\u00fdt, rozt\u0159\u00eddit, d\u00e1t v\u011bci do po\u0159\u00e1dku). Rodi\u010d\u016fm ukazuji, jak nastavovat pravidla a p\u0159ipravovat se s d\u011btmi do \u0161koly \u2013 s\u010d\u00edt\u00e1me, n\u00e1sob\u00edme, p\u00ed\u0161eme dikt\u00e1ty. Ukazuji d\u011btem i rodi\u010d\u016fm, \u017ee zm\u011bna je mo\u017en\u00e1.\t\t\t\t\t\t\t\t<\/div>\n\t\t\t\t<\/div>\n\t\t\t\t<div class=\"elementor-element elementor-element-af9bba3 elementor-widget elementor-widget-heading\" data-id=\"af9bba3\" data-element_type=\"widget\" data-e-type=\"widget\" data-widget_type=\"heading.default\">\n\t\t\t\t<div class=\"elementor-widget-container\">\n\t\t\t\t\t<h3 class=\"elementor-heading-title elementor-size-default\">Osobn\u011b<\/h3>\t\t\t\t<\/div>\n\t\t\t\t<\/div>\n\t\t\t\t<div class=\"elementor-element elementor-element-c760f27 elementor-widget elementor-widget-text-editor\" data-id=\"c760f27\" data-element_type=\"widget\" data-e-type=\"widget\" data-widget_type=\"text-editor.default\">\n\t\t\t\t<div class=\"elementor-widget-container\">\n\t\t\t\t\t\t\t\t\tMotivuj\u00ed mne p\u0159\u00e1tel\u00e9 a inspiruj\u00ed mne k dal\u0161\u00edmu rozvoji. M\u00e1slov\u00fd popcorn s Cheddarem a Harry Potter jsou zaru\u010denou kombinac\u00ed \u00fasp\u011bchu spole\u010dn\u00e9ho ve\u010deru s rodinou. Va\u0159\u00edm z povinnosti, ale o v\u00edkendu pe\u010du, pe\u010du r\u00e1da a nejl\u00e9pe sama.\t\t\t\t\t\t\t\t<\/div>\n\t\t\t\t<\/div>\n\t\t\t\t<\/div>\n\t\t\t\t\t<\/div>\n\t\t\t\t<\/div>\n\t\t<div class=\"elementor-element elementor-element-5061fb9 e-flex e-con-boxed wpr-particle-no wpr-jarallax-no wpr-parallax-no wpr-sticky-section-no wpr-equal-height-no e-con e-parent\" data-id=\"5061fb9\" data-element_type=\"container\" data-e-type=\"container\">\n\t\t\t\t\t<div class=\"e-con-inner\">\n\t\t\t\t<div class=\"elementor-element elementor-element-a6c5463 elementor-widget elementor-widget-text-editor\" data-id=\"a6c5463\" data-element_type=\"widget\" data-e-type=\"widget\" data-widget_type=\"text-editor.default\">\n\t\t\t\t<div class=\"elementor-widget-container\">\n\t\t\t\t\t\t\t\t\t<p style=\"text-align: center;\"><a href=\"mailto:chaloupkova@krokkyjov.cz\">chaloupkova@krokkyjov.cz<\/a><\/p>\t\t\t\t\t\t\t\t<\/div>\n\t\t\t\t<\/div>\n\t\t\t\t<div class=\"elementor-element elementor-element-f9bb725 elementor-align-center elementor-widget elementor-widget-button\" data-id=\"f9bb725\" data-element_type=\"widget\" data-e-type=\"widget\" data-widget_type=\"button.default\">\n\t\t\t\t<div class=\"elementor-widget-container\">\n\t\t\t\t\t\t\t\t\t<div class=\"elementor-button-wrapper\">\n\t\t\t\t\t<a class=\"elementor-button elementor-button-link elementor-size-sm\" href=\"https:\/\/krokkyjov.cz\/index.php\/kdo-jsme\/\">\n\t\t\t\t\t\t<span class=\"elementor-button-content-wrapper\">\n\t\t\t\t\t\t\t\t\t<span class=\"elementor-button-text\">N\u00e1\u0161 t\u00fdm<\/span>\n\t\t\t\t\t<\/span>\n\t\t\t\t\t<\/a>\n\t\t\t\t<\/div>\n\t\t\t\t\t\t\t\t<\/div>\n\t\t\t\t<\/div>\n\t\t\t\t<div class=\"elementor-element elementor-element-7771958 elementor-widget elementor-widget-spacer\" data-id=\"7771958\" data-element_type=\"widget\" data-e-type=\"widget\" data-widget_type=\"spacer.default\">\n\t\t\t\t<div class=\"elementor-widget-container\">\n\t\t\t\t\t\t\t<div class=\"elementor-spacer\">\n\t\t\t<div class=\"elementor-spacer-inner\"><\/div>\n\t\t<\/div>\n\t\t\t\t\t\t<\/div>\n\t\t\t\t<\/div>\n\t\t\t\t\t<\/div>\n\t\t\t\t<\/div>\n\t\t\t\t<\/div>\n\t\t","protected":false},"excerpt":{"rendered":"<p>Gabriela Chaloupkov\u00e1, DiS. Pracovn\u011b N\u011bkolikr\u00e1t t\u00fddn\u011b sed\u00e1m do auta a jedu k rodin\u00e1m, kter\u00e9 pot\u0159ebuj\u00ed na\u0161i pomoc. Spole\u010dn\u011b tr\u00e9nujeme, jak l\u00e9pe zvl\u00e1dnout p\u00e9\u010di o dom\u00e1cnost (zam\u00e9st, vyt\u0159\u00edt, um\u00fdt, rozt\u0159\u00eddit, d\u00e1t v\u011bci do po\u0159\u00e1dku). Rodi\u010d\u016fm ukazuji, jak nastavovat pravidla a p\u0159ipravovat se s d\u011btmi do \u0161koly \u2013 s\u010d\u00edt\u00e1me, n\u00e1sob\u00edme, p\u00ed\u0161eme dikt\u00e1ty. Ukazuji d\u011btem i rodi\u010d\u016fm, \u017ee zm\u011bna je mo\u017en\u00e1. Osobn\u011b Motivuj\u00ed mne p\u0159\u00e1tel\u00e9 a inspiruj\u00ed mne k dal\u0161\u00edmu rozvoji. M\u00e1slov\u00fd popcorn s Cheddarem a Harry Potter jsou zaru\u010denou kombinac\u00ed \u00fasp\u011bchu spole\u010dn\u00e9ho ve\u010deru s rodinou. Va\u0159\u00edm z povinnosti, ale o v\u00edkendu pe\u010du, pe\u010du r\u00e1da a nejl\u00e9pe sama. chaloupkova@krokkyjov.cz N\u00e1\u0161 t\u00fdm<\/p>\n","protected":false},"author":1,"featured_media":0,"parent":0,"menu_order":0,"comment_status":"closed","ping_status":"closed","template":"","meta":{"site-sidebar-layout":"no-sidebar","site-content-layout":"page-builder","ast-site-content-layout":"full-width-container","site-content-style":"default","site-sidebar-style":"default","ast-global-header-display":"","ast-banner-title-visibility":"","ast-main-header-display":"","ast-hfb-above-header-display":"","ast-hfb-below-header-display":"","ast-hfb-mobile-header-display":"","site-post-title":"disabled","ast-breadcrumbs-content":"","ast-featured-img":"disabled","footer-sml-layout":"","ast-disable-related-posts":"","theme-transparent-header-meta":"","adv-header-id-meta":"","stick-header-meta":"","header-above-stick-meta":"","header-main-stick-meta":"","header-below-stick-meta":"","astra-migrate-meta-layouts":"set","ast-page-background-enabled":"default","ast-page-background-meta":{"desktop":{"background-color":"var(--ast-global-color-4)","background-image":"","background-repeat":"repeat","background-position":"center center","background-size":"auto","background-attachment":"scroll","background-type":"","background-media":"","overlay-type":"","overlay-color":"","overlay-opacity":"","overlay-gradient":""},"tablet":{"background-color":"","background-image":"","background-repeat":"repeat","background-position":"center center","background-size":"auto","background-attachment":"scroll","background-type":"","background-media":"","overlay-type":"","overlay-color":"","overlay-opacity":"","overlay-gradient":""},"mobile":{"background-color":"","background-image":"","background-repeat":"repeat","background-position":"center center","background-size":"auto","background-attachment":"scroll","background-type":"","background-media":"","overlay-type":"","overlay-color":"","overlay-opacity":"","overlay-gradient":""}},"ast-content-background-meta":{"desktop":{"background-color":"var(--ast-global-color-5)","background-image":"","background-repeat":"repeat","background-position":"center center","background-size":"auto","background-attachment":"scroll","background-type":"","background-media":"","overlay-type":"","overlay-color":"","overlay-opacity":"","overlay-gradient":""},"tablet":{"background-color":"var(--ast-global-color-5)","background-image":"","background-repeat":"repeat","background-position":"center center","background-size":"auto","background-attachment":"scroll","background-type":"","background-media":"","overlay-type":"","overlay-color":"","overlay-opacity":"","overlay-gradient":""},"mobile":{"background-color":"var(--ast-global-color-5)","background-image":"","background-repeat":"repeat","background-position":"center center","background-size":"auto","background-attachment":"scroll","background-type":"","background-media":"","overlay-type":"","overlay-color":"","overlay-opacity":"","overlay-gradient":""}},"footnotes":""},"class_list":["post-8182","page","type-page","status-publish","hentry"],"_links":{"self":[{"href":"https:\/\/krokkyjov.cz\/index.php\/wp-json\/wp\/v2\/pages\/8182","targetHints":{"allow":["GET"]}}],"collection":[{"href":"https:\/\/krokkyjov.cz\/index.php\/wp-json\/wp\/v2\/pages"}],"about":[{"href":"https:\/\/krokkyjov.cz\/index.php\/wp-json\/wp\/v2\/types\/page"}],"author":[{"embeddable":true,"href":"https:\/\/krokkyjov.cz\/index.php\/wp-json\/wp\/v2\/users\/1"}],"replies":[{"embeddable":true,"href":"https:\/\/krokkyjov.cz\/index.php\/wp-json\/wp\/v2\/comments?post=8182"}],"version-history":[{"count":16,"href":"https:\/\/krokkyjov.cz\/index.php\/wp-json\/wp\/v2\/pages\/8182\/revisions"}],"predecessor-version":[{"id":9071,"href":"https:\/\/krokkyjov.cz\/index.php\/wp-json\/wp\/v2\/pages\/8182\/revisions\/9071"}],"wp:attachment":[{"href":"https:\/\/krokkyjov.cz\/index.php\/wp-json\/wp\/v2\/media?parent=8182"}],"curies":[{"name":"wp","href":"https:\/\/api.w.org\/{rel}","templated":true}]}}