{"id":8176,"date":"2024-04-06T14:57:33","date_gmt":"2024-04-06T12:57:33","guid":{"rendered":"https:\/\/krokkyjov.cz\/?page_id=8176"},"modified":"2024-04-29T12:39:20","modified_gmt":"2024-04-29T10:39:20","slug":"medailonek-stanislav-lunda","status":"publish","type":"page","link":"https:\/\/krokkyjov.cz\/index.php\/medailonek-stanislav-lunda\/","title":{"rendered":"Medailonek &#8211; Stanislav Lunda"},"content":{"rendered":"\t\t<div data-elementor-type=\"wp-page\" data-elementor-id=\"8176\" class=\"elementor elementor-8176\">\n\t\t\t\t<div class=\"elementor-element elementor-element-5c09214 e-flex e-con-boxed wpr-particle-no wpr-jarallax-no wpr-parallax-no wpr-sticky-section-no wpr-equal-height-no e-con e-parent\" data-id=\"5c09214\" data-element_type=\"container\" data-e-type=\"container\">\n\t\t\t\t\t<div class=\"e-con-inner\">\n\t\t<div class=\"elementor-element elementor-element-e567876 e-con-full e-flex wpr-particle-no wpr-jarallax-no wpr-parallax-no wpr-sticky-section-no wpr-equal-height-no e-con e-child\" data-id=\"e567876\" data-element_type=\"container\" data-e-type=\"container\">\n\t\t\t\t<div class=\"elementor-element elementor-element-2bdfa60 elementor-widget elementor-widget-heading\" data-id=\"2bdfa60\" data-element_type=\"widget\" data-e-type=\"widget\" data-widget_type=\"heading.default\">\n\t\t\t\t<div class=\"elementor-widget-container\">\n\t\t\t\t\t<h3 class=\"elementor-heading-title elementor-size-default\">Stanislav Lunda<\/h3>\t\t\t\t<\/div>\n\t\t\t\t<\/div>\n\t\t\t\t<div class=\"elementor-element elementor-element-04cd168 elementor-widget-divider--view-line elementor-widget elementor-widget-divider\" data-id=\"04cd168\" data-element_type=\"widget\" data-e-type=\"widget\" data-widget_type=\"divider.default\">\n\t\t\t\t<div class=\"elementor-widget-container\">\n\t\t\t\t\t\t\t<div class=\"elementor-divider\">\n\t\t\t<span class=\"elementor-divider-separator\">\n\t\t\t\t\t\t<\/span>\n\t\t<\/div>\n\t\t\t\t\t\t<\/div>\n\t\t\t\t<\/div>\n\t\t\t\t<\/div>\n\t\t<div class=\"elementor-element elementor-element-0e5d4fb e-con-full e-flex wpr-particle-no wpr-jarallax-no wpr-parallax-no wpr-sticky-section-no wpr-equal-height-no e-con e-child\" data-id=\"0e5d4fb\" data-element_type=\"container\" data-e-type=\"container\">\n\t\t\t\t<\/div>\n\t\t\t\t\t<\/div>\n\t\t\t\t<\/div>\n\t\t<div class=\"elementor-element elementor-element-39f0009 e-flex e-con-boxed wpr-particle-no wpr-jarallax-no wpr-parallax-no wpr-sticky-section-no wpr-equal-height-no e-con e-parent\" data-id=\"39f0009\" data-element_type=\"container\" data-e-type=\"container\">\n\t\t\t\t\t<div class=\"e-con-inner\">\n\t\t<div class=\"elementor-element elementor-element-7e4f080 e-con-full e-flex wpr-particle-no wpr-jarallax-no wpr-parallax-no wpr-sticky-section-no wpr-equal-height-no e-con e-child\" data-id=\"7e4f080\" data-element_type=\"container\" data-e-type=\"container\">\n\t\t\t\t<div class=\"elementor-element elementor-element-4e11ea8 elementor-widget elementor-widget-image\" data-id=\"4e11ea8\" data-element_type=\"widget\" data-e-type=\"widget\" data-widget_type=\"image.default\">\n\t\t\t\t<div class=\"elementor-widget-container\">\n\t\t\t\t\t\t\t\t\t\t\t\t\t\t\t<img fetchpriority=\"high\" decoding=\"async\" width=\"1024\" height=\"683\" src=\"https:\/\/krokkyjov.cz\/wp-content\/uploads\/2024\/04\/Stanislav-Lunda-scaled-1024x683.jpg\" class=\"attachment-large size-large wp-image-8257\" alt=\"\" srcset=\"https:\/\/krokkyjov.cz\/wp-content\/uploads\/2024\/04\/Stanislav-Lunda-scaled-1024x683.jpg 1024w, https:\/\/krokkyjov.cz\/wp-content\/uploads\/2024\/04\/Stanislav-Lunda-scaled-300x200.jpg 300w, https:\/\/krokkyjov.cz\/wp-content\/uploads\/2024\/04\/Stanislav-Lunda-scaled-768x512.jpg 768w, https:\/\/krokkyjov.cz\/wp-content\/uploads\/2024\/04\/Stanislav-Lunda-scaled-391x260.jpg 391w, https:\/\/krokkyjov.cz\/wp-content\/uploads\/2024\/04\/Stanislav-Lunda-scaled-1536x1024.jpg 1536w, https:\/\/krokkyjov.cz\/wp-content\/uploads\/2024\/04\/Stanislav-Lunda-scaled-2048x1366.jpg 2048w\" sizes=\"(max-width: 1024px) 100vw, 1024px\" \/>\t\t\t\t\t\t\t\t\t\t\t\t\t\t\t<\/div>\n\t\t\t\t<\/div>\n\t\t\t\t<\/div>\n\t\t<div class=\"elementor-element elementor-element-369106c e-con-full e-flex wpr-particle-no wpr-jarallax-no wpr-parallax-no wpr-sticky-section-no wpr-equal-height-no e-con e-child\" data-id=\"369106c\" data-element_type=\"container\" data-e-type=\"container\">\n\t\t\t\t<div class=\"elementor-element elementor-element-797eafe elementor-widget elementor-widget-heading\" data-id=\"797eafe\" data-element_type=\"widget\" data-e-type=\"widget\" data-widget_type=\"heading.default\">\n\t\t\t\t<div class=\"elementor-widget-container\">\n\t\t\t\t\t<h3 class=\"elementor-heading-title elementor-size-default\">Pracovn\u011b<\/h3>\t\t\t\t<\/div>\n\t\t\t\t<\/div>\n\t\t\t\t<div class=\"elementor-element elementor-element-9ffbc1e elementor-widget elementor-widget-text-editor\" data-id=\"9ffbc1e\" data-element_type=\"widget\" data-e-type=\"widget\" data-widget_type=\"text-editor.default\">\n\t\t\t\t<div class=\"elementor-widget-container\">\n\t\t\t\t\t\t\t\t\t<div>Pracuji s klienty na vybudov\u00e1n\u00ed pracovn\u00edch n\u00e1vyk\u016f a dovednost\u00ed bez kter\u00fdch nelze ve spole\u010dnosti fungovat. U\u010d\u00edm je m\u00edt radost z dob\u0159e odveden\u00e9 pr\u00e1ce, ale tak\u00e9 z ka\u017edodenn\u00edch mali\u010dkost\u00ed.<br \/><br \/><\/div><div>R\u00e1d d\u00e1v\u00e1m \u0161anci t\u011bm, kte\u0159\u00ed se vlivem okolnost\u00ed a nespr\u00e1vn\u00fdm rozhodnut\u00edm ocitli na okraji spole\u010dnosti a mnohdy i na hranici \u017eivota a smrti.<\/div>\t\t\t\t\t\t\t\t<\/div>\n\t\t\t\t<\/div>\n\t\t\t\t<div class=\"elementor-element elementor-element-af9bba3 elementor-widget elementor-widget-heading\" data-id=\"af9bba3\" data-element_type=\"widget\" data-e-type=\"widget\" data-widget_type=\"heading.default\">\n\t\t\t\t<div class=\"elementor-widget-container\">\n\t\t\t\t\t<h3 class=\"elementor-heading-title elementor-size-default\">Osobn\u011b<\/h3>\t\t\t\t<\/div>\n\t\t\t\t<\/div>\n\t\t\t\t<div class=\"elementor-element elementor-element-c760f27 elementor-widget elementor-widget-text-editor\" data-id=\"c760f27\" data-element_type=\"widget\" data-e-type=\"widget\" data-widget_type=\"text-editor.default\">\n\t\t\t\t<div class=\"elementor-widget-container\">\n\t\t\t\t\t\t\t\t\t<div>R\u00e1d se v\u011bnuji rodin\u011b \u2013 m\u00e9 d\u011bti jsou u m\u011b na prvn\u00edm m\u00edst\u011b.<br \/><br \/><\/div><div>Mezi m\u00e9 z\u00e1liby pat\u0159\u00ed historie, p\u0159\u00edroda, turistika, va\u0159en\u00ed, fotografov\u00e1n\u00ed, ryba\u0159en\u00ed, pr\u00e1ce v d\u00edln\u011b, ale mezi m\u00e9 nejobl\u00edben\u011bj\u0161\u00ed \u010dinnosti pat\u0159\u00ed budov\u00e1n\u00ed na\u0161\u00ed okrasn\u00e9 zahrady a v\u00e1len\u00ed se u baz\u00e9nu s p\u0159\u00edjemnou hudbou. Inspiruji se v\u00fdroky zn\u00e1m\u00fdch osobnost\u00ed \u2013 mezi m\u00e9 obl\u00edbence pat\u0159\u00ed Jan Werich.<\/div>\t\t\t\t\t\t\t\t<\/div>\n\t\t\t\t<\/div>\n\t\t\t\t<\/div>\n\t\t\t\t\t<\/div>\n\t\t\t\t<\/div>\n\t\t<div class=\"elementor-element elementor-element-5061fb9 e-flex e-con-boxed wpr-particle-no wpr-jarallax-no wpr-parallax-no wpr-sticky-section-no wpr-equal-height-no e-con e-parent\" data-id=\"5061fb9\" data-element_type=\"container\" data-e-type=\"container\">\n\t\t\t\t\t<div class=\"e-con-inner\">\n\t\t\t\t<div class=\"elementor-element elementor-element-a6c5463 elementor-widget elementor-widget-text-editor\" data-id=\"a6c5463\" data-element_type=\"widget\" data-e-type=\"widget\" data-widget_type=\"text-editor.default\">\n\t\t\t\t<div class=\"elementor-widget-container\">\n\t\t\t\t\t\t\t\t\t<p style=\"text-align: center;\"><a href=\"mailto:lunda@krokkyjov.cz\">lunda@krokkyjov.cz<\/a><\/p>\t\t\t\t\t\t\t\t<\/div>\n\t\t\t\t<\/div>\n\t\t\t\t<div class=\"elementor-element elementor-element-f9bb725 elementor-align-center elementor-widget elementor-widget-button\" data-id=\"f9bb725\" data-element_type=\"widget\" data-e-type=\"widget\" data-widget_type=\"button.default\">\n\t\t\t\t<div class=\"elementor-widget-container\">\n\t\t\t\t\t\t\t\t\t<div class=\"elementor-button-wrapper\">\n\t\t\t\t\t<a class=\"elementor-button elementor-button-link elementor-size-sm\" href=\"https:\/\/krokkyjov.cz\/index.php\/kdo-jsme\/\">\n\t\t\t\t\t\t<span class=\"elementor-button-content-wrapper\">\n\t\t\t\t\t\t\t\t\t<span class=\"elementor-button-text\">N\u00e1\u0161 t\u00fdm<\/span>\n\t\t\t\t\t<\/span>\n\t\t\t\t\t<\/a>\n\t\t\t\t<\/div>\n\t\t\t\t\t\t\t\t<\/div>\n\t\t\t\t<\/div>\n\t\t\t\t<div class=\"elementor-element elementor-element-7771958 elementor-widget elementor-widget-spacer\" data-id=\"7771958\" data-element_type=\"widget\" data-e-type=\"widget\" data-widget_type=\"spacer.default\">\n\t\t\t\t<div class=\"elementor-widget-container\">\n\t\t\t\t\t\t\t<div class=\"elementor-spacer\">\n\t\t\t<div class=\"elementor-spacer-inner\"><\/div>\n\t\t<\/div>\n\t\t\t\t\t\t<\/div>\n\t\t\t\t<\/div>\n\t\t\t\t\t<\/div>\n\t\t\t\t<\/div>\n\t\t\t\t<\/div>\n\t\t","protected":false},"excerpt":{"rendered":"<p>Stanislav Lunda Pracovn\u011b Pracuji s klienty na vybudov\u00e1n\u00ed pracovn\u00edch n\u00e1vyk\u016f a dovednost\u00ed bez kter\u00fdch nelze ve spole\u010dnosti fungovat. U\u010d\u00edm je m\u00edt radost z dob\u0159e odveden\u00e9 pr\u00e1ce, ale tak\u00e9 z ka\u017edodenn\u00edch mali\u010dkost\u00ed. R\u00e1d d\u00e1v\u00e1m \u0161anci t\u011bm, kte\u0159\u00ed se vlivem okolnost\u00ed a nespr\u00e1vn\u00fdm rozhodnut\u00edm ocitli na okraji spole\u010dnosti a mnohdy i na hranici \u017eivota a smrti. Osobn\u011b R\u00e1d se v\u011bnuji rodin\u011b \u2013 m\u00e9 d\u011bti jsou u m\u011b na prvn\u00edm m\u00edst\u011b. Mezi m\u00e9 z\u00e1liby pat\u0159\u00ed historie, p\u0159\u00edroda, turistika, va\u0159en\u00ed, fotografov\u00e1n\u00ed, ryba\u0159en\u00ed, pr\u00e1ce v d\u00edln\u011b, ale mezi m\u00e9 nejobl\u00edben\u011bj\u0161\u00ed \u010dinnosti pat\u0159\u00ed budov\u00e1n\u00ed na\u0161\u00ed okrasn\u00e9 zahrady a v\u00e1len\u00ed se u baz\u00e9nu s p\u0159\u00edjemnou hudbou. Inspiruji se v\u00fdroky zn\u00e1m\u00fdch osobnost\u00ed \u2013 mezi m\u00e9 obl\u00edbence pat\u0159\u00ed Jan Werich. lunda@krokkyjov.cz N\u00e1\u0161 t\u00fdm<\/p>\n","protected":false},"author":1,"featured_media":0,"parent":0,"menu_order":0,"comment_status":"closed","ping_status":"closed","template":"","meta":{"site-sidebar-layout":"no-sidebar","site-content-layout":"page-builder","ast-site-content-layout":"full-width-container","site-content-style":"default","site-sidebar-style":"default","ast-global-header-display":"","ast-banner-title-visibility":"","ast-main-header-display":"","ast-hfb-above-header-display":"","ast-hfb-below-header-display":"","ast-hfb-mobile-header-display":"","site-post-title":"disabled","ast-breadcrumbs-content":"","ast-featured-img":"disabled","footer-sml-layout":"","ast-disable-related-posts":"","theme-transparent-header-meta":"","adv-header-id-meta":"","stick-header-meta":"","header-above-stick-meta":"","header-main-stick-meta":"","header-below-stick-meta":"","astra-migrate-meta-layouts":"set","ast-page-background-enabled":"default","ast-page-background-meta":{"desktop":{"background-color":"var(--ast-global-color-4)","background-image":"","background-repeat":"repeat","background-position":"center center","background-size":"auto","background-attachment":"scroll","background-type":"","background-media":"","overlay-type":"","overlay-color":"","overlay-opacity":"","overlay-gradient":""},"tablet":{"background-color":"","background-image":"","background-repeat":"repeat","background-position":"center center","background-size":"auto","background-attachment":"scroll","background-type":"","background-media":"","overlay-type":"","overlay-color":"","overlay-opacity":"","overlay-gradient":""},"mobile":{"background-color":"","background-image":"","background-repeat":"repeat","background-position":"center center","background-size":"auto","background-attachment":"scroll","background-type":"","background-media":"","overlay-type":"","overlay-color":"","overlay-opacity":"","overlay-gradient":""}},"ast-content-background-meta":{"desktop":{"background-color":"var(--ast-global-color-5)","background-image":"","background-repeat":"repeat","background-position":"center center","background-size":"auto","background-attachment":"scroll","background-type":"","background-media":"","overlay-type":"","overlay-color":"","overlay-opacity":"","overlay-gradient":""},"tablet":{"background-color":"var(--ast-global-color-5)","background-image":"","background-repeat":"repeat","background-position":"center center","background-size":"auto","background-attachment":"scroll","background-type":"","background-media":"","overlay-type":"","overlay-color":"","overlay-opacity":"","overlay-gradient":""},"mobile":{"background-color":"var(--ast-global-color-5)","background-image":"","background-repeat":"repeat","background-position":"center center","background-size":"auto","background-attachment":"scroll","background-type":"","background-media":"","overlay-type":"","overlay-color":"","overlay-opacity":"","overlay-gradient":""}},"footnotes":""},"class_list":["post-8176","page","type-page","status-publish","hentry"],"_links":{"self":[{"href":"https:\/\/krokkyjov.cz\/index.php\/wp-json\/wp\/v2\/pages\/8176","targetHints":{"allow":["GET"]}}],"collection":[{"href":"https:\/\/krokkyjov.cz\/index.php\/wp-json\/wp\/v2\/pages"}],"about":[{"href":"https:\/\/krokkyjov.cz\/index.php\/wp-json\/wp\/v2\/types\/page"}],"author":[{"embeddable":true,"href":"https:\/\/krokkyjov.cz\/index.php\/wp-json\/wp\/v2\/users\/1"}],"replies":[{"embeddable":true,"href":"https:\/\/krokkyjov.cz\/index.php\/wp-json\/wp\/v2\/comments?post=8176"}],"version-history":[{"count":13,"href":"https:\/\/krokkyjov.cz\/index.php\/wp-json\/wp\/v2\/pages\/8176\/revisions"}],"predecessor-version":[{"id":9429,"href":"https:\/\/krokkyjov.cz\/index.php\/wp-json\/wp\/v2\/pages\/8176\/revisions\/9429"}],"wp:attachment":[{"href":"https:\/\/krokkyjov.cz\/index.php\/wp-json\/wp\/v2\/media?parent=8176"}],"curies":[{"name":"wp","href":"https:\/\/api.w.org\/{rel}","templated":true}]}}