{"id":8169,"date":"2024-04-06T14:22:26","date_gmt":"2024-04-06T12:22:26","guid":{"rendered":"https:\/\/krokkyjov.cz\/?page_id=8169"},"modified":"2024-04-29T12:31:15","modified_gmt":"2024-04-29T10:31:15","slug":"medailonek-mgr-hana-camlikova","status":"publish","type":"page","link":"https:\/\/krokkyjov.cz\/index.php\/medailonek-mgr-hana-camlikova\/","title":{"rendered":"Medailonek &#8211; Mgr. Hana \u010caml\u00edkov\u00e1"},"content":{"rendered":"\t\t<div data-elementor-type=\"wp-page\" data-elementor-id=\"8169\" class=\"elementor elementor-8169\">\n\t\t\t\t<div class=\"elementor-element elementor-element-09e21df e-flex e-con-boxed wpr-particle-no wpr-jarallax-no wpr-parallax-no wpr-sticky-section-no wpr-equal-height-no e-con e-parent\" data-id=\"09e21df\" data-element_type=\"container\" data-e-type=\"container\">\n\t\t\t\t\t<div class=\"e-con-inner\">\n\t\t<div class=\"elementor-element elementor-element-923f8e8 e-con-full e-flex wpr-particle-no wpr-jarallax-no wpr-parallax-no wpr-sticky-section-no wpr-equal-height-no e-con e-child\" data-id=\"923f8e8\" data-element_type=\"container\" data-e-type=\"container\">\n\t\t\t\t<div class=\"elementor-element elementor-element-2bdfa60 elementor-widget elementor-widget-heading\" data-id=\"2bdfa60\" data-element_type=\"widget\" data-e-type=\"widget\" data-widget_type=\"heading.default\">\n\t\t\t\t<div class=\"elementor-widget-container\">\n\t\t\t\t\t<h3 class=\"elementor-heading-title elementor-size-default\">Mgr. Hana \u010caml\u00edkov\u00e1<\/h3>\t\t\t\t<\/div>\n\t\t\t\t<\/div>\n\t\t\t\t<div class=\"elementor-element elementor-element-04cd168 elementor-widget-divider--view-line elementor-widget elementor-widget-divider\" data-id=\"04cd168\" data-element_type=\"widget\" data-e-type=\"widget\" data-widget_type=\"divider.default\">\n\t\t\t\t<div class=\"elementor-widget-container\">\n\t\t\t\t\t\t\t<div class=\"elementor-divider\">\n\t\t\t<span class=\"elementor-divider-separator\">\n\t\t\t\t\t\t<\/span>\n\t\t<\/div>\n\t\t\t\t\t\t<\/div>\n\t\t\t\t<\/div>\n\t\t\t\t<\/div>\n\t\t<div class=\"elementor-element elementor-element-72cd18d e-con-full e-flex wpr-particle-no wpr-jarallax-no wpr-parallax-no wpr-sticky-section-no wpr-equal-height-no e-con e-child\" data-id=\"72cd18d\" data-element_type=\"container\" data-e-type=\"container\">\n\t\t\t\t<\/div>\n\t\t\t\t\t<\/div>\n\t\t\t\t<\/div>\n\t\t<div class=\"elementor-element elementor-element-39f0009 e-flex e-con-boxed wpr-particle-no wpr-jarallax-no wpr-parallax-no wpr-sticky-section-no wpr-equal-height-no e-con e-parent\" data-id=\"39f0009\" data-element_type=\"container\" data-e-type=\"container\">\n\t\t\t\t\t<div class=\"e-con-inner\">\n\t\t<div class=\"elementor-element elementor-element-7e4f080 e-con-full e-flex wpr-particle-no wpr-jarallax-no wpr-parallax-no wpr-sticky-section-no wpr-equal-height-no e-con e-child\" data-id=\"7e4f080\" data-element_type=\"container\" data-e-type=\"container\">\n\t\t\t\t<div class=\"elementor-element elementor-element-4e11ea8 elementor-widget elementor-widget-image\" data-id=\"4e11ea8\" data-element_type=\"widget\" data-e-type=\"widget\" data-widget_type=\"image.default\">\n\t\t\t\t<div class=\"elementor-widget-container\">\n\t\t\t\t\t\t\t\t\t\t\t\t\t\t\t<img fetchpriority=\"high\" decoding=\"async\" width=\"1024\" height=\"683\" src=\"https:\/\/krokkyjov.cz\/wp-content\/uploads\/2024\/04\/Hana-Camlikova-scaled-1024x683.jpg\" class=\"attachment-large size-large wp-image-8204\" alt=\"\" srcset=\"https:\/\/krokkyjov.cz\/wp-content\/uploads\/2024\/04\/Hana-Camlikova-scaled-1024x683.jpg 1024w, https:\/\/krokkyjov.cz\/wp-content\/uploads\/2024\/04\/Hana-Camlikova-scaled-300x200.jpg 300w, https:\/\/krokkyjov.cz\/wp-content\/uploads\/2024\/04\/Hana-Camlikova-scaled-768x512.jpg 768w, https:\/\/krokkyjov.cz\/wp-content\/uploads\/2024\/04\/Hana-Camlikova-scaled-391x260.jpg 391w, https:\/\/krokkyjov.cz\/wp-content\/uploads\/2024\/04\/Hana-Camlikova-scaled-1536x1024.jpg 1536w, https:\/\/krokkyjov.cz\/wp-content\/uploads\/2024\/04\/Hana-Camlikova-scaled-2048x1366.jpg 2048w\" sizes=\"(max-width: 1024px) 100vw, 1024px\" \/>\t\t\t\t\t\t\t\t\t\t\t\t\t\t\t<\/div>\n\t\t\t\t<\/div>\n\t\t\t\t<\/div>\n\t\t<div class=\"elementor-element elementor-element-369106c e-con-full e-flex wpr-particle-no wpr-jarallax-no wpr-parallax-no wpr-sticky-section-no wpr-equal-height-no e-con e-child\" data-id=\"369106c\" data-element_type=\"container\" data-e-type=\"container\">\n\t\t\t\t<div class=\"elementor-element elementor-element-797eafe elementor-widget elementor-widget-heading\" data-id=\"797eafe\" data-element_type=\"widget\" data-e-type=\"widget\" data-widget_type=\"heading.default\">\n\t\t\t\t<div class=\"elementor-widget-container\">\n\t\t\t\t\t<h3 class=\"elementor-heading-title elementor-size-default\">Pracovn\u011b<\/h3>\t\t\t\t<\/div>\n\t\t\t\t<\/div>\n\t\t\t\t<div class=\"elementor-element elementor-element-9ffbc1e elementor-widget elementor-widget-text-editor\" data-id=\"9ffbc1e\" data-element_type=\"widget\" data-e-type=\"widget\" data-widget_type=\"text-editor.default\">\n\t\t\t\t<div class=\"elementor-widget-container\">\n\t\t\t\t\t\t\t\t\t<p>Pracuji s klienty a jejich rodinami. Hled\u00e1m a podporuji jejich zdroje. Stav\u00edme nov\u00fd p\u0159\u00edb\u011bh. Propojuji odborn\u00e9 znalosti s \u017eivotn\u00edmi zku\u0161enostmi. Pracuji profesion\u00e1ln\u011b a s empati\u00ed. Garantuji kvalitu.<\/p>\t\t\t\t\t\t\t\t<\/div>\n\t\t\t\t<\/div>\n\t\t\t\t<div class=\"elementor-element elementor-element-af9bba3 elementor-widget elementor-widget-heading\" data-id=\"af9bba3\" data-element_type=\"widget\" data-e-type=\"widget\" data-widget_type=\"heading.default\">\n\t\t\t\t<div class=\"elementor-widget-container\">\n\t\t\t\t\t<h3 class=\"elementor-heading-title elementor-size-default\">Osobn\u011b<\/h3>\t\t\t\t<\/div>\n\t\t\t\t<\/div>\n\t\t\t\t<div class=\"elementor-element elementor-element-c760f27 elementor-widget elementor-widget-text-editor\" data-id=\"c760f27\" data-element_type=\"widget\" data-e-type=\"widget\" data-widget_type=\"text-editor.default\">\n\t\t\t\t<div class=\"elementor-widget-container\">\n\t\t\t\t\t\t\t\t\t<p>R\u00e1da p\u00e1tr\u00e1m v knih\u00e1ch, filmech, historii a v p\u0159\u00edrod\u011b. I terapie je p\u00e1tr\u00e1n\u00edm. Citliv\u00e9 pozn\u00e1v\u00e1n\u00ed probouz\u00ed pokoru. Ve vztaz\u00edch nach\u00e1z\u00edm zdroj, jak b\u00fdt p\u0159ej\u00edc\u00ed, p\u0159ij\u00edmat lidi takov\u00e9, jac\u00ed jsou, u\u010dit se a objevovat to spole\u010dn\u00e9.<\/p>\t\t\t\t\t\t\t\t<\/div>\n\t\t\t\t<\/div>\n\t\t\t\t<\/div>\n\t\t\t\t\t<\/div>\n\t\t\t\t<\/div>\n\t\t<div class=\"elementor-element elementor-element-5061fb9 e-flex e-con-boxed wpr-particle-no wpr-jarallax-no wpr-parallax-no wpr-sticky-section-no wpr-equal-height-no e-con e-parent\" data-id=\"5061fb9\" data-element_type=\"container\" data-e-type=\"container\">\n\t\t\t\t\t<div class=\"e-con-inner\">\n\t\t\t\t<div class=\"elementor-element elementor-element-a6c5463 elementor-widget elementor-widget-text-editor\" data-id=\"a6c5463\" data-element_type=\"widget\" data-e-type=\"widget\" data-widget_type=\"text-editor.default\">\n\t\t\t\t<div class=\"elementor-widget-container\">\n\t\t\t\t\t\t\t\t\t<p style=\"text-align: center;\"><a href=\"mailto:camlikova@krokkyjov.cz\">camlikova@krokkyjov.cz<\/a><\/p>\t\t\t\t\t\t\t\t<\/div>\n\t\t\t\t<\/div>\n\t\t\t\t<div class=\"elementor-element elementor-element-f9bb725 elementor-align-center elementor-widget elementor-widget-button\" data-id=\"f9bb725\" data-element_type=\"widget\" data-e-type=\"widget\" data-widget_type=\"button.default\">\n\t\t\t\t<div class=\"elementor-widget-container\">\n\t\t\t\t\t\t\t\t\t<div class=\"elementor-button-wrapper\">\n\t\t\t\t\t<a class=\"elementor-button elementor-button-link elementor-size-sm\" href=\"https:\/\/krokkyjov.cz\/index.php\/kdo-jsme\/\">\n\t\t\t\t\t\t<span class=\"elementor-button-content-wrapper\">\n\t\t\t\t\t\t\t\t\t<span class=\"elementor-button-text\">N\u00e1\u0161 t\u00fdm<\/span>\n\t\t\t\t\t<\/span>\n\t\t\t\t\t<\/a>\n\t\t\t\t<\/div>\n\t\t\t\t\t\t\t\t<\/div>\n\t\t\t\t<\/div>\n\t\t\t\t<div class=\"elementor-element elementor-element-7771958 elementor-widget elementor-widget-spacer\" data-id=\"7771958\" data-element_type=\"widget\" data-e-type=\"widget\" data-widget_type=\"spacer.default\">\n\t\t\t\t<div class=\"elementor-widget-container\">\n\t\t\t\t\t\t\t<div class=\"elementor-spacer\">\n\t\t\t<div class=\"elementor-spacer-inner\"><\/div>\n\t\t<\/div>\n\t\t\t\t\t\t<\/div>\n\t\t\t\t<\/div>\n\t\t\t\t\t<\/div>\n\t\t\t\t<\/div>\n\t\t\t\t<\/div>\n\t\t","protected":false},"excerpt":{"rendered":"<p>Mgr. Hana \u010caml\u00edkov\u00e1 Pracovn\u011b Pracuji s klienty a jejich rodinami. Hled\u00e1m a podporuji jejich zdroje. Stav\u00edme nov\u00fd p\u0159\u00edb\u011bh. Propojuji odborn\u00e9 znalosti s \u017eivotn\u00edmi zku\u0161enostmi. Pracuji profesion\u00e1ln\u011b a s empati\u00ed. Garantuji kvalitu. Osobn\u011b R\u00e1da p\u00e1tr\u00e1m v knih\u00e1ch, filmech, historii a v p\u0159\u00edrod\u011b. I terapie je p\u00e1tr\u00e1n\u00edm. Citliv\u00e9 pozn\u00e1v\u00e1n\u00ed probouz\u00ed pokoru. Ve vztaz\u00edch nach\u00e1z\u00edm zdroj, jak b\u00fdt p\u0159ej\u00edc\u00ed, p\u0159ij\u00edmat lidi takov\u00e9, jac\u00ed jsou, u\u010dit se a objevovat to spole\u010dn\u00e9. camlikova@krokkyjov.cz N\u00e1\u0161 t\u00fdm<\/p>\n","protected":false},"author":1,"featured_media":0,"parent":0,"menu_order":0,"comment_status":"closed","ping_status":"closed","template":"","meta":{"site-sidebar-layout":"no-sidebar","site-content-layout":"page-builder","ast-site-content-layout":"full-width-container","site-content-style":"default","site-sidebar-style":"default","ast-global-header-display":"","ast-banner-title-visibility":"","ast-main-header-display":"","ast-hfb-above-header-display":"","ast-hfb-below-header-display":"","ast-hfb-mobile-header-display":"","site-post-title":"disabled","ast-breadcrumbs-content":"","ast-featured-img":"disabled","footer-sml-layout":"","ast-disable-related-posts":"","theme-transparent-header-meta":"","adv-header-id-meta":"","stick-header-meta":"","header-above-stick-meta":"","header-main-stick-meta":"","header-below-stick-meta":"","astra-migrate-meta-layouts":"set","ast-page-background-enabled":"default","ast-page-background-meta":{"desktop":{"background-color":"var(--ast-global-color-4)","background-image":"","background-repeat":"repeat","background-position":"center center","background-size":"auto","background-attachment":"scroll","background-type":"","background-media":"","overlay-type":"","overlay-color":"","overlay-opacity":"","overlay-gradient":""},"tablet":{"background-color":"","background-image":"","background-repeat":"repeat","background-position":"center center","background-size":"auto","background-attachment":"scroll","background-type":"","background-media":"","overlay-type":"","overlay-color":"","overlay-opacity":"","overlay-gradient":""},"mobile":{"background-color":"","background-image":"","background-repeat":"repeat","background-position":"center center","background-size":"auto","background-attachment":"scroll","background-type":"","background-media":"","overlay-type":"","overlay-color":"","overlay-opacity":"","overlay-gradient":""}},"ast-content-background-meta":{"desktop":{"background-color":"var(--ast-global-color-5)","background-image":"","background-repeat":"repeat","background-position":"center center","background-size":"auto","background-attachment":"scroll","background-type":"","background-media":"","overlay-type":"","overlay-color":"","overlay-opacity":"","overlay-gradient":""},"tablet":{"background-color":"var(--ast-global-color-5)","background-image":"","background-repeat":"repeat","background-position":"center center","background-size":"auto","background-attachment":"scroll","background-type":"","background-media":"","overlay-type":"","overlay-color":"","overlay-opacity":"","overlay-gradient":""},"mobile":{"background-color":"var(--ast-global-color-5)","background-image":"","background-repeat":"repeat","background-position":"center center","background-size":"auto","background-attachment":"scroll","background-type":"","background-media":"","overlay-type":"","overlay-color":"","overlay-opacity":"","overlay-gradient":""}},"footnotes":""},"class_list":["post-8169","page","type-page","status-publish","hentry"],"_links":{"self":[{"href":"https:\/\/krokkyjov.cz\/index.php\/wp-json\/wp\/v2\/pages\/8169","targetHints":{"allow":["GET"]}}],"collection":[{"href":"https:\/\/krokkyjov.cz\/index.php\/wp-json\/wp\/v2\/pages"}],"about":[{"href":"https:\/\/krokkyjov.cz\/index.php\/wp-json\/wp\/v2\/types\/page"}],"author":[{"embeddable":true,"href":"https:\/\/krokkyjov.cz\/index.php\/wp-json\/wp\/v2\/users\/1"}],"replies":[{"embeddable":true,"href":"https:\/\/krokkyjov.cz\/index.php\/wp-json\/wp\/v2\/comments?post=8169"}],"version-history":[{"count":13,"href":"https:\/\/krokkyjov.cz\/index.php\/wp-json\/wp\/v2\/pages\/8169\/revisions"}],"predecessor-version":[{"id":9409,"href":"https:\/\/krokkyjov.cz\/index.php\/wp-json\/wp\/v2\/pages\/8169\/revisions\/9409"}],"wp:attachment":[{"href":"https:\/\/krokkyjov.cz\/index.php\/wp-json\/wp\/v2\/media?parent=8169"}],"curies":[{"name":"wp","href":"https:\/\/api.w.org\/{rel}","templated":true}]}}