{"id":8110,"date":"2024-04-06T13:52:31","date_gmt":"2024-04-06T11:52:31","guid":{"rendered":"https:\/\/krokkyjov.cz\/?page_id=8110"},"modified":"2024-04-24T13:56:15","modified_gmt":"2024-04-24T11:56:15","slug":"medailonek-mgr-bc-michaela-zapecova","status":"publish","type":"page","link":"https:\/\/krokkyjov.cz\/index.php\/medailonek-mgr-bc-michaela-zapecova\/","title":{"rendered":"Medailonek &#8211; Mgr. Bc. Michaela Z\u00e1pecov\u00e1"},"content":{"rendered":"\t\t<div data-elementor-type=\"wp-page\" data-elementor-id=\"8110\" class=\"elementor elementor-8110\">\n\t\t\t\t<div class=\"elementor-element elementor-element-9f97f10 e-flex e-con-boxed wpr-particle-no wpr-jarallax-no wpr-parallax-no wpr-sticky-section-no wpr-equal-height-no e-con e-parent\" data-id=\"9f97f10\" data-element_type=\"container\" data-e-type=\"container\">\n\t\t\t\t\t<div class=\"e-con-inner\">\n\t\t<div class=\"elementor-element elementor-element-1b619d1 e-con-full e-flex wpr-particle-no wpr-jarallax-no wpr-parallax-no wpr-sticky-section-no wpr-equal-height-no e-con e-child\" data-id=\"1b619d1\" data-element_type=\"container\" data-e-type=\"container\">\n\t\t\t\t<div class=\"elementor-element elementor-element-2bdfa60 elementor-widget elementor-widget-heading\" data-id=\"2bdfa60\" data-element_type=\"widget\" data-e-type=\"widget\" data-widget_type=\"heading.default\">\n\t\t\t\t<div class=\"elementor-widget-container\">\n\t\t\t\t\t<h3 class=\"elementor-heading-title elementor-size-default\">Mgr. Bc. Michaela Z\u00e1pecov\u00e1, MBA<\/h3>\t\t\t\t<\/div>\n\t\t\t\t<\/div>\n\t\t\t\t<div class=\"elementor-element elementor-element-04cd168 elementor-widget-divider--view-line elementor-widget elementor-widget-divider\" data-id=\"04cd168\" data-element_type=\"widget\" data-e-type=\"widget\" data-widget_type=\"divider.default\">\n\t\t\t\t<div class=\"elementor-widget-container\">\n\t\t\t\t\t\t\t<div class=\"elementor-divider\">\n\t\t\t<span class=\"elementor-divider-separator\">\n\t\t\t\t\t\t<\/span>\n\t\t<\/div>\n\t\t\t\t\t\t<\/div>\n\t\t\t\t<\/div>\n\t\t\t\t<\/div>\n\t\t<div class=\"elementor-element elementor-element-6720514 e-con-full e-flex wpr-particle-no wpr-jarallax-no wpr-parallax-no wpr-sticky-section-no wpr-equal-height-no e-con e-child\" data-id=\"6720514\" data-element_type=\"container\" data-e-type=\"container\">\n\t\t\t\t<\/div>\n\t\t\t\t\t<\/div>\n\t\t\t\t<\/div>\n\t\t<div class=\"elementor-element elementor-element-39f0009 e-flex e-con-boxed wpr-particle-no wpr-jarallax-no wpr-parallax-no wpr-sticky-section-no wpr-equal-height-no e-con e-parent\" data-id=\"39f0009\" data-element_type=\"container\" data-e-type=\"container\">\n\t\t\t\t\t<div class=\"e-con-inner\">\n\t\t<div class=\"elementor-element elementor-element-7e4f080 e-con-full e-flex wpr-particle-no wpr-jarallax-no wpr-parallax-no wpr-sticky-section-no wpr-equal-height-no e-con e-child\" data-id=\"7e4f080\" data-element_type=\"container\" data-e-type=\"container\">\n\t\t\t\t<div class=\"elementor-element elementor-element-4e11ea8 elementor-widget elementor-widget-image\" data-id=\"4e11ea8\" data-element_type=\"widget\" data-e-type=\"widget\" data-widget_type=\"image.default\">\n\t\t\t\t<div class=\"elementor-widget-container\">\n\t\t\t\t\t\t\t\t\t\t\t\t\t\t\t<img fetchpriority=\"high\" decoding=\"async\" width=\"1024\" height=\"683\" src=\"https:\/\/krokkyjov.cz\/wp-content\/uploads\/2024\/04\/reditelka_Michaela-Zapecova-scaled-1024x683.jpg\" class=\"attachment-large size-large wp-image-8112\" alt=\"\" srcset=\"https:\/\/krokkyjov.cz\/wp-content\/uploads\/2024\/04\/reditelka_Michaela-Zapecova-scaled-1024x683.jpg 1024w, https:\/\/krokkyjov.cz\/wp-content\/uploads\/2024\/04\/reditelka_Michaela-Zapecova-scaled-300x200.jpg 300w, https:\/\/krokkyjov.cz\/wp-content\/uploads\/2024\/04\/reditelka_Michaela-Zapecova-scaled-768x512.jpg 768w, https:\/\/krokkyjov.cz\/wp-content\/uploads\/2024\/04\/reditelka_Michaela-Zapecova-scaled-391x260.jpg 391w, https:\/\/krokkyjov.cz\/wp-content\/uploads\/2024\/04\/reditelka_Michaela-Zapecova-scaled-1536x1024.jpg 1536w, https:\/\/krokkyjov.cz\/wp-content\/uploads\/2024\/04\/reditelka_Michaela-Zapecova-scaled-2048x1366.jpg 2048w\" sizes=\"(max-width: 1024px) 100vw, 1024px\" \/>\t\t\t\t\t\t\t\t\t\t\t\t\t\t\t<\/div>\n\t\t\t\t<\/div>\n\t\t\t\t<\/div>\n\t\t<div class=\"elementor-element elementor-element-369106c e-con-full e-flex wpr-particle-no wpr-jarallax-no wpr-parallax-no wpr-sticky-section-no wpr-equal-height-no e-con e-child\" data-id=\"369106c\" data-element_type=\"container\" data-e-type=\"container\">\n\t\t\t\t<div class=\"elementor-element elementor-element-797eafe elementor-widget elementor-widget-heading\" data-id=\"797eafe\" data-element_type=\"widget\" data-e-type=\"widget\" data-widget_type=\"heading.default\">\n\t\t\t\t<div class=\"elementor-widget-container\">\n\t\t\t\t\t<h3 class=\"elementor-heading-title elementor-size-default\">Pracovn\u011b<\/h3>\t\t\t\t<\/div>\n\t\t\t\t<\/div>\n\t\t\t\t<div class=\"elementor-element elementor-element-9ffbc1e elementor-widget elementor-widget-text-editor\" data-id=\"9ffbc1e\" data-element_type=\"widget\" data-e-type=\"widget\" data-widget_type=\"text-editor.default\">\n\t\t\t\t<div class=\"elementor-widget-container\">\n\t\t\t\t\t\t\t\t\t<p>Naslouch\u00e1m zam\u011bstnanc\u016fm i klient\u016fm. Sna\u017e\u00edm se m\u00edt komplexn\u00ed p\u0159ehled o cel\u00e9 organizaci. Jsem otev\u0159en\u00e1 nov\u00fdm v\u00fdzv\u00e1m, neust\u00e1le se vzd\u011bl\u00e1v\u00e1m. \u0160\u00ed\u0159\u00edm kolem sebe nad\u011bji a energii. Pracuji d\u016fsledn\u011b a \u0159e\u0161\u00edm v\u011bci v kontextu.<\/p>\t\t\t\t\t\t\t\t<\/div>\n\t\t\t\t<\/div>\n\t\t\t\t<div class=\"elementor-element elementor-element-af9bba3 elementor-widget elementor-widget-heading\" data-id=\"af9bba3\" data-element_type=\"widget\" data-e-type=\"widget\" data-widget_type=\"heading.default\">\n\t\t\t\t<div class=\"elementor-widget-container\">\n\t\t\t\t\t<h3 class=\"elementor-heading-title elementor-size-default\">Osobn\u011b<\/h3>\t\t\t\t<\/div>\n\t\t\t\t<\/div>\n\t\t\t\t<div class=\"elementor-element elementor-element-c760f27 elementor-widget elementor-widget-text-editor\" data-id=\"c760f27\" data-element_type=\"widget\" data-e-type=\"widget\" data-widget_type=\"text-editor.default\">\n\t\t\t\t<div class=\"elementor-widget-container\">\n\t\t\t\t\t\t\t\t\tMiluji v\u0161echno \u017eiv\u00e9, p\u0159edev\u0161\u00edm lidi a p\u0159\u00edrodu a v\u011b\u0159\u00edm, \u017ee jejich vz\u00e1jemn\u00e1 harmonie je cestou k napln\u011bn\u00ed smyslu \u017eivota tady na Zemi. V\u00e1\u017e\u00edm si a respektuji odli\u0161nosti kultur. V\u00edce ne\u017e 20 let jsem \u017eila mimo EU na r\u016fzn\u00fdch m\u00edstech sv\u011bta a ve v\u0161ech jsem nechala kus srdce a obohatila se o spoustu vjem\u016f, detail\u016f a zku\u0161enost\u00ed, o kter\u00e9 se r\u00e1da pod\u011bl\u00edm.\nMoj\u00ed v\u00e1\u0161n\u00ed je cestov\u00e1n\u00ed a klidn\u00fdm p\u0159\u00edstavem rodina.\n\t\t\t\t\t\t\t\t<\/div>\n\t\t\t\t<\/div>\n\t\t\t\t<\/div>\n\t\t\t\t\t<\/div>\n\t\t\t\t<\/div>\n\t\t<div class=\"elementor-element elementor-element-5061fb9 e-flex e-con-boxed wpr-particle-no wpr-jarallax-no wpr-parallax-no wpr-sticky-section-no wpr-equal-height-no e-con e-parent\" data-id=\"5061fb9\" data-element_type=\"container\" data-e-type=\"container\">\n\t\t\t\t\t<div class=\"e-con-inner\">\n\t\t\t\t<div class=\"elementor-element elementor-element-a6c5463 elementor-widget elementor-widget-text-editor\" data-id=\"a6c5463\" data-element_type=\"widget\" data-e-type=\"widget\" data-widget_type=\"text-editor.default\">\n\t\t\t\t<div class=\"elementor-widget-container\">\n\t\t\t\t\t\t\t\t\t<p style=\"text-align: center;\"><a href=\"mailto:zapecova@krokkyjov.cz\">zapecova@krokkyjov.cz<\/a><\/p>\t\t\t\t\t\t\t\t<\/div>\n\t\t\t\t<\/div>\n\t\t\t\t<div class=\"elementor-element elementor-element-f9bb725 elementor-align-center elementor-widget elementor-widget-button\" data-id=\"f9bb725\" data-element_type=\"widget\" data-e-type=\"widget\" data-widget_type=\"button.default\">\n\t\t\t\t<div class=\"elementor-widget-container\">\n\t\t\t\t\t\t\t\t\t<div class=\"elementor-button-wrapper\">\n\t\t\t\t\t<a class=\"elementor-button elementor-button-link elementor-size-sm\" href=\"https:\/\/krokkyjov.cz\/index.php\/kdo-jsme\/\">\n\t\t\t\t\t\t<span class=\"elementor-button-content-wrapper\">\n\t\t\t\t\t\t\t\t\t<span class=\"elementor-button-text\">N\u00e1\u0161 t\u00fdm<\/span>\n\t\t\t\t\t<\/span>\n\t\t\t\t\t<\/a>\n\t\t\t\t<\/div>\n\t\t\t\t\t\t\t\t<\/div>\n\t\t\t\t<\/div>\n\t\t\t\t<div class=\"elementor-element elementor-element-7771958 elementor-widget elementor-widget-spacer\" data-id=\"7771958\" data-element_type=\"widget\" data-e-type=\"widget\" data-widget_type=\"spacer.default\">\n\t\t\t\t<div class=\"elementor-widget-container\">\n\t\t\t\t\t\t\t<div class=\"elementor-spacer\">\n\t\t\t<div class=\"elementor-spacer-inner\"><\/div>\n\t\t<\/div>\n\t\t\t\t\t\t<\/div>\n\t\t\t\t<\/div>\n\t\t\t\t\t<\/div>\n\t\t\t\t<\/div>\n\t\t\t\t<\/div>\n\t\t","protected":false},"excerpt":{"rendered":"<p>Mgr. Bc. Michaela Z\u00e1pecov\u00e1, MBA Pracovn\u011b Naslouch\u00e1m zam\u011bstnanc\u016fm i klient\u016fm. Sna\u017e\u00edm se m\u00edt komplexn\u00ed p\u0159ehled o cel\u00e9 organizaci. Jsem otev\u0159en\u00e1 nov\u00fdm v\u00fdzv\u00e1m, neust\u00e1le se vzd\u011bl\u00e1v\u00e1m. \u0160\u00ed\u0159\u00edm kolem sebe nad\u011bji a energii. Pracuji d\u016fsledn\u011b a \u0159e\u0161\u00edm v\u011bci v kontextu. Osobn\u011b Miluji v\u0161echno \u017eiv\u00e9, p\u0159edev\u0161\u00edm lidi a p\u0159\u00edrodu a v\u011b\u0159\u00edm, \u017ee jejich vz\u00e1jemn\u00e1 harmonie je cestou k napln\u011bn\u00ed smyslu \u017eivota tady na Zemi. V\u00e1\u017e\u00edm si a respektuji odli\u0161nosti kultur. V\u00edce ne\u017e 20 let jsem \u017eila mimo EU na r\u016fzn\u00fdch m\u00edstech sv\u011bta a ve v\u0161ech jsem nechala kus srdce a obohatila se o spoustu vjem\u016f, detail\u016f a zku\u0161enost\u00ed, o kter\u00e9 se r\u00e1da pod\u011bl\u00edm. Moj\u00ed v\u00e1\u0161n\u00ed je cestov\u00e1n\u00ed a klidn\u00fdm p\u0159\u00edstavem rodina. zapecova@krokkyjov.cz N\u00e1\u0161 t\u00fdm<\/p>\n","protected":false},"author":1,"featured_media":0,"parent":0,"menu_order":0,"comment_status":"closed","ping_status":"closed","template":"","meta":{"site-sidebar-layout":"no-sidebar","site-content-layout":"page-builder","ast-site-content-layout":"full-width-container","site-content-style":"default","site-sidebar-style":"default","ast-global-header-display":"","ast-banner-title-visibility":"","ast-main-header-display":"","ast-hfb-above-header-display":"","ast-hfb-below-header-display":"","ast-hfb-mobile-header-display":"","site-post-title":"disabled","ast-breadcrumbs-content":"","ast-featured-img":"disabled","footer-sml-layout":"","ast-disable-related-posts":"","theme-transparent-header-meta":"","adv-header-id-meta":"","stick-header-meta":"","header-above-stick-meta":"","header-main-stick-meta":"","header-below-stick-meta":"","astra-migrate-meta-layouts":"set","ast-page-background-enabled":"default","ast-page-background-meta":{"desktop":{"background-color":"var(--ast-global-color-4)","background-image":"","background-repeat":"repeat","background-position":"center center","background-size":"auto","background-attachment":"scroll","background-type":"","background-media":"","overlay-type":"","overlay-color":"","overlay-opacity":"","overlay-gradient":""},"tablet":{"background-color":"","background-image":"","background-repeat":"repeat","background-position":"center center","background-size":"auto","background-attachment":"scroll","background-type":"","background-media":"","overlay-type":"","overlay-color":"","overlay-opacity":"","overlay-gradient":""},"mobile":{"background-color":"","background-image":"","background-repeat":"repeat","background-position":"center center","background-size":"auto","background-attachment":"scroll","background-type":"","background-media":"","overlay-type":"","overlay-color":"","overlay-opacity":"","overlay-gradient":""}},"ast-content-background-meta":{"desktop":{"background-color":"var(--ast-global-color-5)","background-image":"","background-repeat":"repeat","background-position":"center center","background-size":"auto","background-attachment":"scroll","background-type":"","background-media":"","overlay-type":"","overlay-color":"","overlay-opacity":"","overlay-gradient":""},"tablet":{"background-color":"var(--ast-global-color-5)","background-image":"","background-repeat":"repeat","background-position":"center center","background-size":"auto","background-attachment":"scroll","background-type":"","background-media":"","overlay-type":"","overlay-color":"","overlay-opacity":"","overlay-gradient":""},"mobile":{"background-color":"var(--ast-global-color-5)","background-image":"","background-repeat":"repeat","background-position":"center center","background-size":"auto","background-attachment":"scroll","background-type":"","background-media":"","overlay-type":"","overlay-color":"","overlay-opacity":"","overlay-gradient":""}},"footnotes":""},"class_list":["post-8110","page","type-page","status-publish","hentry"],"_links":{"self":[{"href":"https:\/\/krokkyjov.cz\/index.php\/wp-json\/wp\/v2\/pages\/8110","targetHints":{"allow":["GET"]}}],"collection":[{"href":"https:\/\/krokkyjov.cz\/index.php\/wp-json\/wp\/v2\/pages"}],"about":[{"href":"https:\/\/krokkyjov.cz\/index.php\/wp-json\/wp\/v2\/types\/page"}],"author":[{"embeddable":true,"href":"https:\/\/krokkyjov.cz\/index.php\/wp-json\/wp\/v2\/users\/1"}],"replies":[{"embeddable":true,"href":"https:\/\/krokkyjov.cz\/index.php\/wp-json\/wp\/v2\/comments?post=8110"}],"version-history":[{"count":49,"href":"https:\/\/krokkyjov.cz\/index.php\/wp-json\/wp\/v2\/pages\/8110\/revisions"}],"predecessor-version":[{"id":9029,"href":"https:\/\/krokkyjov.cz\/index.php\/wp-json\/wp\/v2\/pages\/8110\/revisions\/9029"}],"wp:attachment":[{"href":"https:\/\/krokkyjov.cz\/index.php\/wp-json\/wp\/v2\/media?parent=8110"}],"curies":[{"name":"wp","href":"https:\/\/api.w.org\/{rel}","templated":true}]}}